{"id":38,"date":"2014-11-05T17:08:57","date_gmt":"2014-11-05T17:08:57","guid":{"rendered":"http:\/\/ulqini-online.com\/sajti\/?page_id=38"},"modified":"2014-11-12T12:23:25","modified_gmt":"2014-11-12T12:23:25","slug":"kontakti","status":"publish","type":"page","link":"https:\/\/ulqini-online.com\/sajti\/?page_id=38","title":{"rendered":"Kontakti"},"content":{"rendered":"<p>Mund t\u00eb na kontaktoni n\u00eb adresat e m\u00ebposhtme\u00a0 t\u00eb post\u00ebs elektronike:<br \/>\nulqinionline@gmail.com<br \/>\npromululqin@gmail.com<br \/>\npromul.ul@gmail.com<\/p>\n<p>&nbsp;<\/p>\n<p>&nbsp;<\/p>\n<p>&nbsp;<\/p>\n<p>Faqja informative n\u00eb gjuh\u00ebn shqipe Ulqini Online \u00ebsht\u00eb themeluar me 28 n\u00ebntor 2010.<br \/>\nThemeluesi: Valdet Kurti<\/p>\n","protected":false},"excerpt":{"rendered":"<p>Mund t\u00eb na kontaktoni n\u00eb adresat e m\u00ebposhtme\u00a0 t\u00eb post\u00ebs elektronike: ulqinionline@gmail.com promululqin@gmail.com promul.ul@gmail.com &nbsp; &nbsp; &nbsp; Faqja informative n\u00eb gjuh\u00ebn shqipe Ulqini Online \u00ebsht\u00eb themeluar me 28 n\u00ebntor 2010. Themeluesi: Valdet Kurti<\/p>\n","protected":false},"author":1,"featured_media":0,"parent":0,"menu_order":0,"comment_status":"open","ping_status":"open","template":"","meta":{"_seopress_robots_primary_cat":"","_seopress_titles_title":"","_seopress_titles_desc":"","_seopress_robots_index":"","footnotes":""},"class_list":["post-38","page","type-page","status-publish","hentry"],"_links":{"self":[{"href":"https:\/\/ulqini-online.com\/sajti\/index.php?rest_route=\/wp\/v2\/pages\/38","targetHints":{"allow":["GET"]}}],"collection":[{"href":"https:\/\/ulqini-online.com\/sajti\/index.php?rest_route=\/wp\/v2\/pages"}],"about":[{"href":"https:\/\/ulqini-online.com\/sajti\/index.php?rest_route=\/wp\/v2\/types\/page"}],"author":[{"embeddable":true,"href":"https:\/\/ulqini-online.com\/sajti\/index.php?rest_route=\/wp\/v2\/users\/1"}],"replies":[{"embeddable":true,"href":"https:\/\/ulqini-online.com\/sajti\/index.php?rest_route=%2Fwp%2Fv2%2Fcomments&post=38"}],"version-history":[{"count":3,"href":"https:\/\/ulqini-online.com\/sajti\/index.php?rest_route=\/wp\/v2\/pages\/38\/revisions"}],"predecessor-version":[{"id":185,"href":"https:\/\/ulqini-online.com\/sajti\/index.php?rest_route=\/wp\/v2\/pages\/38\/revisions\/185"}],"wp:attachment":[{"href":"https:\/\/ulqini-online.com\/sajti\/index.php?rest_route=%2Fwp%2Fv2%2Fmedia&parent=38"}],"curies":[{"name":"wp","href":"https:\/\/api.w.org\/{rel}","templated":true}]}}